{"id":1894,"date":"2021-03-02T11:49:33","date_gmt":"2021-03-02T10:49:33","guid":{"rendered":"https:\/\/powerregion.se\/datenschutz-bestimmungen\/"},"modified":"2021-03-02T11:49:33","modified_gmt":"2021-03-02T10:49:33","slug":"datenschutz-bestimmungen","status":"publish","type":"page","link":"https:\/\/powerregion.se\/de\/datenschutz-bestimmungen\/","title":{"rendered":"Datenschutz-Bestimmungen"},"content":{"rendered":"\t\t<div data-elementor-type=\"wp-page\" data-elementor-id=\"1894\" class=\"elementor elementor-1894 elementor-1539\" data-elementor-post-type=\"page\">\n\t\t\t\t\t\t<section data-particle_enable=\"false\" data-particle-mobile-disabled=\"false\" class=\"elementor-section elementor-top-section elementor-element elementor-element-c327bc8 elementor-section-content-top elementor-section-boxed elementor-section-height-default elementor-section-height-default\" data-id=\"c327bc8\" data-element_type=\"section\" data-e-type=\"section\" data-settings=\"{&quot;background_background&quot;:&quot;classic&quot;}\">\n\t\t\t\t\t\t<div class=\"elementor-container elementor-column-gap-default\">\n\t\t\t\t\t<div class=\"elementor-column elementor-col-100 elementor-top-column elementor-element elementor-element-f938d5a\" data-id=\"f938d5a\" data-element_type=\"column\" data-e-type=\"column\">\n\t\t\t<div class=\"elementor-widget-wrap elementor-element-populated\">\n\t\t\t\t\t\t<div class=\"elementor-element elementor-element-538d1a6 elementor-widget elementor-widget-heading\" data-id=\"538d1a6\" data-element_type=\"widget\" data-e-type=\"widget\" data-widget_type=\"heading.default\">\n\t\t\t\t<div class=\"elementor-widget-container\">\n\t\t\t\t\t<h1 class=\"elementor-heading-title elementor-size-default\">Datenschutz-Bestimmungen<\/h1>\t\t\t\t<\/div>\n\t\t\t\t<\/div>\n\t\t\t\t<section data-particle_enable=\"false\" data-particle-mobile-disabled=\"false\" class=\"elementor-section elementor-inner-section elementor-element elementor-element-18ae527 elementor-section-boxed elementor-section-height-default elementor-section-height-default\" data-id=\"18ae527\" data-element_type=\"section\" data-e-type=\"section\">\n\t\t\t\t\t\t<div class=\"elementor-container elementor-column-gap-default\">\n\t\t\t\t\t<div class=\"elementor-column elementor-col-100 elementor-inner-column elementor-element elementor-element-c6de9e9\" data-id=\"c6de9e9\" data-element_type=\"column\" data-e-type=\"column\">\n\t\t\t<div class=\"elementor-widget-wrap elementor-element-populated\">\n\t\t\t\t\t\t<div class=\"elementor-element elementor-element-fe7007e elementor-widget elementor-widget-text-editor\" data-id=\"fe7007e\" data-element_type=\"widget\" data-e-type=\"widget\" data-widget_type=\"text-editor.default\">\n\t\t\t\t<div class=\"elementor-widget-container\">\n\t\t\t\t\t\t\t\t\t<p><strong>Die Power Region<\/strong> verarbeitet eingehende E-Mails. Wenn Sie E-Mails von The Power Region senden oder empfangen, kann dies bedeuten, dass personenbezogene Daten von The Power Region verarbeitet werden. Die Bearbeitung erfolgt beispielsweise, um Fragen beantworten, mit den Betroffenen im Zusammenhang mit der Bearbeitung von F\u00e4llen kommunizieren oder Stakeholder kontaktieren zu k\u00f6nnen. Die Kooperationspartner des Projekts sind gemeinsam f\u00fcr die Verarbeitung personenbezogener Daten verantwortlich, die im Zusammenhang mit dieser Kommunikation stattfinden. Die Verarbeitung personenbezogener Daten per E-Mail unterliegt den gleichen datenschutzrechtlichen Bestimmungen wie die sonstige Verarbeitung personenbezogener Daten.<\/p>\n<p><strong>Sie haben das Recht<\/strong>, sich mit uns in Verbindung zu setzen, wenn Sie Informationen \u00fcber die Informationen, die wir \u00fcber Sie haben, w\u00fcnschen, Korrekturen, Daten\u00fcbertragbarkeit anzufordern oder zu verlangen, dass wir die Verarbeitung einschr\u00e4nken, Einw\u00e4nde zu erheben oder die L\u00f6schung Ihrer Informationen anzufordern. Der einfachste Weg, dies zu tun, besteht darin, uns unter <a href=\"mailto:info@thepowerregion.se\">info@thepowerregion.se<\/a> zu kontaktieren.<\/p>\n<p>Wenn Sie Einw\u00e4nde gegen unsere Verarbeitung Ihrer personenbezogenen Daten haben, haben Sie das Recht, eine Beschwerde bei der Aufsichtsbeh\u00f6rde Datainspektionen einzureichen.<\/p>\n<p>Weitere Informationen zu Ihren Rechten als Registrant finden Sie auf der Website der jeweiligen Beh\u00f6rde zur Verarbeitung personenbezogener Daten.<\/p>\n<p><strong>Die Kooperationspartner des Projekts sind:<\/strong><br \/>\n<a href=\"https:\/\/www.ostersund.se\/\" target=\"_blank\" rel=\"noopener\">Gemeinde \u00d6stersund<\/a>, <a href=\"https:\/\/krokom.se\/\" target=\"_blank\" rel=\"noopener\">Gemeinde Krokom<\/a> und <a href=\"https:\/\/www.jamtkraft.se\/\" target=\"_blank\" rel=\"noopener\">J\u00e4mtkraft<\/a>.<\/p>\n<p><strong>Die Power Region<\/strong> muss pers\u00f6nliche Informationen \u00fcber Sie speichern und verarbeiten. Die Informationen, die wir speichern und verarbeiten m\u00fcssen, sind Name, E-Mail-Adresse und Telefonnummer. Ziel der Behandlung ist es, gem\u00e4\u00df der Mission der Energieregionen Bedingungen f\u00fcr die Errichtung stromintensiver Industrien in der Region zu schaffen. Dies schlie\u00dft Kontakte zu potenziellen Investoren, Beh\u00f6rden und anderen Interessengruppen ein.<\/p>\n<p><strong>Ihre Daten werden<\/strong> gem\u00e4\u00df den geltenden Gesetzen gespeichert.<br \/>\nIhre pers\u00f6nlichen Daten k\u00f6nnen an Dritte weitergegeben werden, sofern eine solche gesetzliche Verpflichtung besteht. Die Daten werden nicht in L\u00e4nder au\u00dferhalb der EU \u00fcbertragen.<\/p>\n\t\t\t\t\t\t\t\t<\/div>\n\t\t\t\t<\/div>\n\t\t\t\t\t<\/div>\n\t\t<\/div>\n\t\t\t\t\t<\/div>\n\t\t<\/section>\n\t\t\t\t<div class=\"elementor-element elementor-element-de44956 elementor-align-center elementor-widget elementor-widget-button\" data-id=\"de44956\" data-element_type=\"widget\" data-e-type=\"widget\" data-widget_type=\"button.default\">\n\t\t\t\t<div class=\"elementor-widget-container\">\n\t\t\t\t\t\t\t\t\t<div class=\"elementor-button-wrapper\">\n\t\t\t\t\t<a class=\"elementor-button elementor-button-link elementor-size-md\" href=\"https:\/\/powerregion.se\/de\">\n\t\t\t\t\t\t<span class=\"elementor-button-content-wrapper\">\n\t\t\t\t\t\t\t\t\t<span class=\"elementor-button-text\">Zur Homepage<\/span>\n\t\t\t\t\t<\/span>\n\t\t\t\t\t<\/a>\n\t\t\t\t<\/div>\n\t\t\t\t\t\t\t\t<\/div>\n\t\t\t\t<\/div>\n\t\t\t\t\t<\/div>\n\t\t<\/div>\n\t\t\t\t\t<\/div>\n\t\t<\/section>\n\t\t\t\t<\/div>\n\t\t","protected":false},"excerpt":{"rendered":"<p>Datenschutz-Bestimmungen Die Power Region verarbeitet eingehende E-Mails. Wenn Sie E-Mails von The Power Region senden oder empfangen, kann dies bedeuten, dass personenbezogene Daten von The Power Region verarbeitet werden. Die Bearbeitung erfolgt beispielsweise, um Fragen beantworten, mit den Betroffenen im Zusammenhang mit der Bearbeitung von F\u00e4llen kommunizieren oder Stakeholder kontaktieren zu k\u00f6nnen. Die Kooperationspartner des [&hellip;]<\/p>\n","protected":false},"author":1,"featured_media":0,"parent":0,"menu_order":0,"comment_status":"closed","ping_status":"closed","template":"","meta":{"footnotes":""},"class_list":["post-1894","page","type-page","status-publish","hentry"],"_links":{"self":[{"href":"https:\/\/powerregion.se\/de\/wp-json\/wp\/v2\/pages\/1894","targetHints":{"allow":["GET"]}}],"collection":[{"href":"https:\/\/powerregion.se\/de\/wp-json\/wp\/v2\/pages"}],"about":[{"href":"https:\/\/powerregion.se\/de\/wp-json\/wp\/v2\/types\/page"}],"author":[{"embeddable":true,"href":"https:\/\/powerregion.se\/de\/wp-json\/wp\/v2\/users\/1"}],"replies":[{"embeddable":true,"href":"https:\/\/powerregion.se\/de\/wp-json\/wp\/v2\/comments?post=1894"}],"version-history":[{"count":0,"href":"https:\/\/powerregion.se\/de\/wp-json\/wp\/v2\/pages\/1894\/revisions"}],"wp:attachment":[{"href":"https:\/\/powerregion.se\/de\/wp-json\/wp\/v2\/media?parent=1894"}],"curies":[{"name":"wp","href":"https:\/\/api.w.org\/{rel}","templated":true}]}}