{"id":1887,"date":"2021-03-02T11:33:55","date_gmt":"2021-03-02T10:33:55","guid":{"rendered":"https:\/\/powerregion.se\/vorteile\/"},"modified":"2024-04-15T10:07:24","modified_gmt":"2024-04-15T08:07:24","slug":"vorteile","status":"publish","type":"page","link":"https:\/\/powerregion.se\/de\/vorteile\/","title":{"rendered":"Vorteile"},"content":{"rendered":"\t\t<div data-elementor-type=\"wp-page\" data-elementor-id=\"1887\" class=\"elementor elementor-1887 elementor-731\" data-elementor-post-type=\"page\">\n\t\t\t\t\t\t<section data-particle_enable=\"false\" data-particle-mobile-disabled=\"false\" class=\"elementor-section elementor-top-section elementor-element elementor-element-c327bc8 elementor-section-content-top elementor-section-boxed elementor-section-height-default elementor-section-height-default\" data-id=\"c327bc8\" data-element_type=\"section\" data-e-type=\"section\" data-settings=\"{&quot;background_background&quot;:&quot;classic&quot;}\">\n\t\t\t\t\t\t<div class=\"elementor-container elementor-column-gap-default\">\n\t\t\t\t\t<div class=\"elementor-column elementor-col-100 elementor-top-column elementor-element elementor-element-f938d5a\" data-id=\"f938d5a\" data-element_type=\"column\" data-e-type=\"column\">\n\t\t\t<div class=\"elementor-widget-wrap elementor-element-populated\">\n\t\t\t\t\t\t<div class=\"elementor-element elementor-element-538d1a6 elementor-widget elementor-widget-heading\" data-id=\"538d1a6\" data-element_type=\"widget\" data-e-type=\"widget\" data-widget_type=\"heading.default\">\n\t\t\t\t<div class=\"elementor-widget-container\">\n\t\t\t\t\t<h1 class=\"elementor-heading-title elementor-size-default\">Vorteile The Power Region<\/h1>\t\t\t\t<\/div>\n\t\t\t\t<\/div>\n\t\t\t\t\t<\/div>\n\t\t<\/div>\n\t\t\t\t\t<\/div>\n\t\t<\/section>\n\t\t\t\t<section data-particle_enable=\"false\" data-particle-mobile-disabled=\"false\" class=\"elementor-section elementor-top-section elementor-element elementor-element-785b492 elementor-section-boxed elementor-section-height-default elementor-section-height-default\" data-id=\"785b492\" data-element_type=\"section\" data-e-type=\"section\" data-settings=\"{&quot;background_background&quot;:&quot;classic&quot;}\">\n\t\t\t\t\t\t<div class=\"elementor-container elementor-column-gap-default\">\n\t\t\t\t\t<div class=\"elementor-column elementor-col-50 elementor-top-column elementor-element elementor-element-5aebb4a\" data-id=\"5aebb4a\" data-element_type=\"column\" data-e-type=\"column\">\n\t\t\t<div class=\"elementor-widget-wrap elementor-element-populated\">\n\t\t\t\t\t\t<div class=\"elementor-element elementor-element-240fc20 elementor-widget elementor-widget-image\" data-id=\"240fc20\" data-element_type=\"widget\" data-e-type=\"widget\" data-widget_type=\"image.default\">\n\t\t\t\t<div class=\"elementor-widget-container\">\n\t\t\t\t\t\t\t\t\t\t\t\t\t\t\t<img fetchpriority=\"high\" decoding=\"async\" width=\"800\" height=\"450\" src=\"https:\/\/powerregion.se\/wp-content\/uploads\/2022\/02\/marita-ljung.jpg\" class=\"attachment-large size-large wp-image-2761\" alt=\"Marita Ljung\" srcset=\"https:\/\/powerregion.se\/wp-content\/uploads\/2022\/02\/marita-ljung.jpg 1024w, https:\/\/powerregion.se\/wp-content\/uploads\/2022\/02\/marita-ljung-300x169.jpg 300w, https:\/\/powerregion.se\/wp-content\/uploads\/2022\/02\/marita-ljung-768x432.jpg 768w\" sizes=\"(max-width: 800px) 100vw, 800px\" \/>\t\t\t\t\t\t\t\t\t\t\t\t\t\t\t<\/div>\n\t\t\t\t<\/div>\n\t\t\t\t\t<\/div>\n\t\t<\/div>\n\t\t\t\t<div class=\"elementor-column elementor-col-50 elementor-top-column elementor-element elementor-element-0f9fc4e\" data-id=\"0f9fc4e\" data-element_type=\"column\" data-e-type=\"column\">\n\t\t\t<div class=\"elementor-widget-wrap elementor-element-populated\">\n\t\t\t\t\t\t<div class=\"elementor-element elementor-element-847bc15 elementor-widget elementor-widget-heading\" data-id=\"847bc15\" data-element_type=\"widget\" data-e-type=\"widget\" data-widget_type=\"heading.default\">\n\t\t\t\t<div class=\"elementor-widget-container\">\n\t\t\t\t\t<h3 class=\"elementor-heading-title elementor-size-default\">J\u00e4mtlands Regierungspr\u00e4sidentin<\/h3>\t\t\t\t<\/div>\n\t\t\t\t<\/div>\n\t\t\t\t<div class=\"elementor-element elementor-element-7bf504e elementor-widget elementor-widget-heading\" data-id=\"7bf504e\" data-element_type=\"widget\" data-e-type=\"widget\" data-widget_type=\"heading.default\">\n\t\t\t\t<div class=\"elementor-widget-container\">\n\t\t\t\t\t<h2 class=\"elementor-heading-title elementor-size-default\">Dynamisches Wachstum durch erneuerbaren Strom in einem attraktiven Umfeld mit hoher Lebensqualit\u00e4t<\/h2>\t\t\t\t<\/div>\n\t\t\t\t<\/div>\n\t\t\t\t<div class=\"elementor-element elementor-element-ce5d7c8 elementor-widget elementor-widget-text-editor\" data-id=\"ce5d7c8\" data-element_type=\"widget\" data-e-type=\"widget\" data-widget_type=\"text-editor.default\">\n\t\t\t\t<div class=\"elementor-widget-container\">\n\t\t\t\t\t\t\t\t\t<p><strong>Als Voraussetzung<\/strong> f\u00fcr neue, stromintensive Etablierungen ist gute Verf\u00fcgbarkeit von elektrischem Strom gefordert \u2013 neben anderen wichtigen Faktoren. Wir k\u00f6nnen ein Umfeld bieten, das der wachsenden Zahl von Menschen, die sich in der Region niederlassen, Kraft gibt.<\/p>\n<p><strong>\u201eDas gesamte Umfeld<\/strong> hier in J\u00e4mtland ist in hohem Ma\u00dfe attraktiv, was nicht zuletzt die Zahlen der neu Hinzugezogenen zeigen\u201c, freut sich Marita Ljung, Regierungspr\u00e4sidentin des Regierungsbezirks J\u00e4mtland.<\/p>\n\t\t\t\t\t\t\t\t<\/div>\n\t\t\t\t<\/div>\n\t\t\t\t<div class=\"elementor-element elementor-element-0d705e1 elementor-align-right elementor-widget elementor-widget-button\" data-id=\"0d705e1\" data-element_type=\"widget\" data-e-type=\"widget\" data-widget_type=\"button.default\">\n\t\t\t\t<div class=\"elementor-widget-container\">\n\t\t\t\t\t\t\t\t\t<div class=\"elementor-button-wrapper\">\n\t\t\t\t\t<a class=\"elementor-button elementor-button-link elementor-size-sm\" href=\"https:\/\/powerregion.se\/de\/dynamisches-wachstum-durch-erneuerbaren-strom-in-einem-attraktiven-umfeld-mit-hoher-lebensqualitaet\/\">\n\t\t\t\t\t\t<span class=\"elementor-button-content-wrapper\">\n\t\t\t\t\t\t\t\t\t<span class=\"elementor-button-text\">Weiterlesen<\/span>\n\t\t\t\t\t<\/span>\n\t\t\t\t\t<\/a>\n\t\t\t\t<\/div>\n\t\t\t\t\t\t\t\t<\/div>\n\t\t\t\t<\/div>\n\t\t\t\t\t<\/div>\n\t\t<\/div>\n\t\t\t\t\t<\/div>\n\t\t<\/section>\n\t\t\t\t<section data-particle_enable=\"false\" data-particle-mobile-disabled=\"false\" class=\"elementor-section elementor-top-section elementor-element elementor-element-8ff2f4b elementor-section-boxed elementor-section-height-default elementor-section-height-default\" data-id=\"8ff2f4b\" data-element_type=\"section\" data-e-type=\"section\" data-settings=\"{&quot;background_background&quot;:&quot;classic&quot;}\">\n\t\t\t\t\t\t<div class=\"elementor-container elementor-column-gap-default\">\n\t\t\t\t\t<div class=\"elementor-column elementor-col-50 elementor-top-column elementor-element elementor-element-5b5bf0c\" data-id=\"5b5bf0c\" data-element_type=\"column\" data-e-type=\"column\">\n\t\t\t<div class=\"elementor-widget-wrap elementor-element-populated\">\n\t\t\t\t\t\t<div class=\"elementor-element elementor-element-2deca66 elementor-widget elementor-widget-heading\" data-id=\"2deca66\" data-element_type=\"widget\" data-e-type=\"widget\" data-widget_type=\"heading.default\">\n\t\t\t\t<div class=\"elementor-widget-container\">\n\t\t\t\t\t<h3 class=\"elementor-heading-title elementor-size-default\">Arne Bergvik, J\u00e4mtkraft<\/h3>\t\t\t\t<\/div>\n\t\t\t\t<\/div>\n\t\t\t\t<div class=\"elementor-element elementor-element-7380180 elementor-widget elementor-widget-heading\" data-id=\"7380180\" data-element_type=\"widget\" data-e-type=\"widget\" data-widget_type=\"heading.default\">\n\t\t\t\t<div class=\"elementor-widget-container\">\n\t\t\t\t\t<h2 class=\"elementor-heading-title elementor-size-default\">J\u00e4mtland \u2013 eine Goldgrube f\u00fcr erneuerbaren Strom<\/h2>\t\t\t\t<\/div>\n\t\t\t\t<\/div>\n\t\t\t\t<div class=\"elementor-element elementor-element-0f1674a elementor-widget elementor-widget-text-editor\" data-id=\"0f1674a\" data-element_type=\"widget\" data-e-type=\"widget\" data-widget_type=\"text-editor.default\">\n\t\t\t\t<div class=\"elementor-widget-container\">\n\t\t\t\t\t\t\t\t\t<p class=\"xmsolistparagraph\"><strong>Wenn es in S\u00fcdschweden an Strom mangelt<\/strong>, ist die Situation im Norden des Landes das genaue Gegenteil \u2013 vor allem im Regierungsbezirk J\u00e4mtland. In J\u00e4mtland herrscht ein wahres \u00dcberangebot an Kapazit\u00e4t \u2013 und das Beste von allem: die Stromversorgung ist hier nicht nur stabil, sondern auch komplett erneuerbar und damit nachhaltig.<\/p>\n\t\t\t\t\t\t\t\t<\/div>\n\t\t\t\t<\/div>\n\t\t\t\t<div class=\"elementor-element elementor-element-4483347 elementor-align-left elementor-widget elementor-widget-button\" data-id=\"4483347\" data-element_type=\"widget\" data-e-type=\"widget\" data-widget_type=\"button.default\">\n\t\t\t\t<div class=\"elementor-widget-container\">\n\t\t\t\t\t\t\t\t\t<div class=\"elementor-button-wrapper\">\n\t\t\t\t\t<a class=\"elementor-button elementor-button-link elementor-size-sm\" href=\"https:\/\/powerregion.se\/de\/jamtland-eine-goldgrube-fur-erneuerbaren-strom\/\">\n\t\t\t\t\t\t<span class=\"elementor-button-content-wrapper\">\n\t\t\t\t\t\t\t\t\t<span class=\"elementor-button-text\">Weiterlesen<\/span>\n\t\t\t\t\t<\/span>\n\t\t\t\t\t<\/a>\n\t\t\t\t<\/div>\n\t\t\t\t\t\t\t\t<\/div>\n\t\t\t\t<\/div>\n\t\t\t\t\t<\/div>\n\t\t<\/div>\n\t\t\t\t<div class=\"elementor-column elementor-col-50 elementor-top-column elementor-element elementor-element-7d20283\" data-id=\"7d20283\" data-element_type=\"column\" data-e-type=\"column\">\n\t\t\t<div class=\"elementor-widget-wrap elementor-element-populated\">\n\t\t\t\t\t\t<div class=\"elementor-element elementor-element-46cbdb6 elementor-widget elementor-widget-image\" data-id=\"46cbdb6\" data-element_type=\"widget\" data-e-type=\"widget\" data-widget_type=\"image.default\">\n\t\t\t\t<div class=\"elementor-widget-container\">\n\t\t\t\t\t\t\t\t\t\t\t\t\t\t\t<img decoding=\"async\" width=\"800\" height=\"450\" src=\"https:\/\/powerregion.se\/wp-content\/uploads\/2022\/02\/arne-bergvik.jpg\" class=\"attachment-large size-large wp-image-2767\" alt=\"Arne Bergvik\" srcset=\"https:\/\/powerregion.se\/wp-content\/uploads\/2022\/02\/arne-bergvik.jpg 1024w, https:\/\/powerregion.se\/wp-content\/uploads\/2022\/02\/arne-bergvik-300x169.jpg 300w, https:\/\/powerregion.se\/wp-content\/uploads\/2022\/02\/arne-bergvik-768x432.jpg 768w\" sizes=\"(max-width: 800px) 100vw, 800px\" \/>\t\t\t\t\t\t\t\t\t\t\t\t\t\t\t<\/div>\n\t\t\t\t<\/div>\n\t\t\t\t\t<\/div>\n\t\t<\/div>\n\t\t\t\t\t<\/div>\n\t\t<\/section>\n\t\t\t\t<\/div>\n\t\t","protected":false},"excerpt":{"rendered":"<p>Vorteile The Power Region J\u00e4mtlands Regierungspr\u00e4sidentin Dynamisches Wachstum durch erneuerbaren Strom in einem attraktiven Umfeld mit hoher Lebensqualit\u00e4t Als Voraussetzung f\u00fcr neue, stromintensive Etablierungen ist gute Verf\u00fcgbarkeit von elektrischem Strom gefordert \u2013 neben anderen wichtigen Faktoren. Wir k\u00f6nnen ein Umfeld bieten, das der wachsenden Zahl von Menschen, die sich in der Region niederlassen, Kraft gibt. [&hellip;]<\/p>\n","protected":false},"author":1,"featured_media":0,"parent":0,"menu_order":0,"comment_status":"closed","ping_status":"closed","template":"","meta":{"footnotes":""},"class_list":["post-1887","page","type-page","status-publish","hentry"],"_links":{"self":[{"href":"https:\/\/powerregion.se\/de\/wp-json\/wp\/v2\/pages\/1887","targetHints":{"allow":["GET"]}}],"collection":[{"href":"https:\/\/powerregion.se\/de\/wp-json\/wp\/v2\/pages"}],"about":[{"href":"https:\/\/powerregion.se\/de\/wp-json\/wp\/v2\/types\/page"}],"author":[{"embeddable":true,"href":"https:\/\/powerregion.se\/de\/wp-json\/wp\/v2\/users\/1"}],"replies":[{"embeddable":true,"href":"https:\/\/powerregion.se\/de\/wp-json\/wp\/v2\/comments?post=1887"}],"version-history":[{"count":8,"href":"https:\/\/powerregion.se\/de\/wp-json\/wp\/v2\/pages\/1887\/revisions"}],"predecessor-version":[{"id":3385,"href":"https:\/\/powerregion.se\/de\/wp-json\/wp\/v2\/pages\/1887\/revisions\/3385"}],"wp:attachment":[{"href":"https:\/\/powerregion.se\/de\/wp-json\/wp\/v2\/media?parent=1887"}],"curies":[{"name":"wp","href":"https:\/\/api.w.org\/{rel}","templated":true}]}}